{"id":70,"date":"2017-01-26T00:43:30","date_gmt":"2017-01-25T23:43:30","guid":{"rendered":"http:\/\/friedemanndoehn.de\/wordpress\/?page_id=70"},"modified":"2024-12-09T18:10:56","modified_gmt":"2024-12-09T17:10:56","slug":"projekte","status":"publish","type":"page","link":"http:\/\/friedemanndoehn.de\/index.php\/projekte\/","title":{"rendered":"Projekte"},"content":{"rendered":"<p><strong>Die Tornados<\/strong><\/p>\n<p>Infos unter: <a href=\"http:\/\/www.facebook.com\/dietornadosska\">http:\/\/www.facebook.com\/dietornadosska<\/a><\/p>\n<p><strong>Duo Pacholczak\/D\u00f6hn<\/strong><\/p>\n<ul>\n<li>Kevin Pacholczak\u00a0&#8211; Klavier&amp;Gesang<\/li>\n<li>Friedemann D\u00f6hn &#8211; Saxophon\/Klarinette<\/li>\n<\/ul>\n<p><img decoding=\"async\" loading=\"lazy\" class=\"alignnone size-medium wp-image-162\" src=\"http:\/\/friedemanndoehn.de\/wordpress\/wp-content\/uploads\/2018\/04\/KevinFriedemann-Kopie-300x149.jpg\" alt=\"Kevin&amp;Friedemann Kopie\" width=\"300\" height=\"149\" srcset=\"http:\/\/friedemanndoehn.de\/wordpress\/wp-content\/uploads\/2018\/04\/KevinFriedemann-Kopie-300x149.jpg 300w, http:\/\/friedemanndoehn.de\/wordpress\/wp-content\/uploads\/2018\/04\/KevinFriedemann-Kopie-768x381.jpg 768w, http:\/\/friedemanndoehn.de\/wordpress\/wp-content\/uploads\/2018\/04\/KevinFriedemann-Kopie-1024x507.jpg 1024w, http:\/\/friedemanndoehn.de\/wordpress\/wp-content\/uploads\/2018\/04\/KevinFriedemann-Kopie.jpg 1691w\" sizes=\"(max-width: 300px) 100vw, 300px\" \/><\/p>\n<p>Das unterhaltsame, flexible Duo bietet einen bunten Mix aus energetischer, emotionaler und expressiver Musik. Dabei h\u00f6rt man in der Musik Einfl\u00fcsse aus Klassik, Jazz, Pop, wenn Sie St\u00fccke etwa von Ray Charles oder Irving Berlin zum Besten geben.<\/p>\n<p><strong>Friedemann D\u00f6hn Quartett<\/strong><\/p>\n<p>Wir spielen vor allem Standards des Modern Jazz und Eigenkompositionen.<\/p>\n<ul>\n<li>Friedemann D\u00f6hn &#8211; Saxophon<\/li>\n<li>Moritz Oczko &#8211; Gitarre<\/li>\n<li>Stefan Schneider &#8211; Drums<\/li>\n<li>Bass &#8211; Tab<\/li>\n<\/ul>\n<p><strong>Das Jazzgebl\u00e4se<\/strong><\/p>\n<p>Wir spielen frische und moderne Eigenkompositionen des Leiters Christian Mews, ohne die Roots zum traditionellen Swing zu verlieren. Beeinflusst durch Bigbands wie die von Thad Jones, Bob Brookemeyer, Peter Herbolzheimer und die WDR Bigband, aber auch durch Popbands wie Coldplay, ergibt sich eine melodi\u00f6s eing\u00e4ngige und zugleich sehr jazzige, explosive und spannende Mischung.<\/p>\n<p>Homepage der Big Band aus M\u00fcnster: <a href=\"http:\/\/www.jazzgeblaese.de\/\">http:\/\/www.jazzgeblaese.de<\/a><\/p>\n<p><strong>Weiteres<\/strong><\/p>\n<p>Neben den genannten Projekten spiele ich als Solist (Saxophon\/Klarinette), sowie als Session- und Gastmusiker in verschieden Szenarien, z.B. mit den Pomenaden Nomaden (Mr. Twist).<\/p>\n<p><strong>Ehemalige Projekte<\/strong><\/p>\n<p>In der Vergangenheit spielte ich als festes Mitglied oder als Gast u.a. bei:<\/p>\n<p>ArtEZ Big Band Enschede, ArtEZ Big Band Arnheim, New Sound Jazz Machine, 7Beats, Razzamatazz, 7ieben<\/p>\n","protected":false},"excerpt":{"rendered":"<p>Die Tornados Infos unter: http:\/\/www.facebook.com\/dietornadosska Duo Pacholczak\/D\u00f6hn Kevin Pacholczak\u00a0&#8211; Klavier&amp;Gesang Friedemann D\u00f6hn &#8211; Saxophon\/Klarinette Das unterhaltsame, flexible Duo bietet einen bunten Mix aus energetischer, emotionaler und expressiver Musik. Dabei h\u00f6rt man in der Musik Einfl\u00fcsse aus Klassik, Jazz, Pop, wenn <a class=\"more-link\" href=\"http:\/\/friedemanndoehn.de\/index.php\/projekte\/\">weiterlesen&#8230;<\/a><\/p>\n","protected":false},"author":1,"featured_media":0,"parent":0,"menu_order":0,"comment_status":"closed","ping_status":"closed","template":"","meta":[],"_links":{"self":[{"href":"http:\/\/friedemanndoehn.de\/index.php\/wp-json\/wp\/v2\/pages\/70"}],"collection":[{"href":"http:\/\/friedemanndoehn.de\/index.php\/wp-json\/wp\/v2\/pages"}],"about":[{"href":"http:\/\/friedemanndoehn.de\/index.php\/wp-json\/wp\/v2\/types\/page"}],"author":[{"embeddable":true,"href":"http:\/\/friedemanndoehn.de\/index.php\/wp-json\/wp\/v2\/users\/1"}],"replies":[{"embeddable":true,"href":"http:\/\/friedemanndoehn.de\/index.php\/wp-json\/wp\/v2\/comments?post=70"}],"version-history":[{"count":23,"href":"http:\/\/friedemanndoehn.de\/index.php\/wp-json\/wp\/v2\/pages\/70\/revisions"}],"predecessor-version":[{"id":193,"href":"http:\/\/friedemanndoehn.de\/index.php\/wp-json\/wp\/v2\/pages\/70\/revisions\/193"}],"wp:attachment":[{"href":"http:\/\/friedemanndoehn.de\/index.php\/wp-json\/wp\/v2\/media?parent=70"}],"curies":[{"name":"wp","href":"https:\/\/api.w.org\/{rel}","templated":true}]}}