{"id":87,"date":"2017-02-26T02:28:03","date_gmt":"2017-02-26T01:28:03","guid":{"rendered":"http:\/\/friedemanndoehn.de\/wordpress\/?page_id=87"},"modified":"2024-12-03T23:25:18","modified_gmt":"2024-12-03T22:25:18","slug":"unterricht","status":"publish","type":"page","link":"http:\/\/friedemanndoehn.de\/index.php\/unterricht\/","title":{"rendered":"Unterricht"},"content":{"rendered":"<p>Ich biete professionellen Instrumentalunterricht f\u00fcr alle Altersstufen an. Dabei stehen der Spa\u00df am Musizieren, eine Vermittlung von wichtigen Grundlagen und eine Ausrichtung nach individuellen Vorlieben im Mittelpunkt.<\/p>\n<p>Durch mein Saxophonstudium am ArtEZ-Konservartorium Enschede (Abschluss 2015) und langj\u00e4hrige Unterrichtserfahrung kann ich kompetenten Unterricht gew\u00e4hrleisten. Seit 2012 unterrichte ich privat und an Musikschulen. Dies betrifft s\u00e4mtliche Saxophone, Klarinette, Blockfl\u00f6te (f\u00fcr Einsteiger), JeKi-Unterricht und Ensembleunterricht.<\/p>\n<p>Jazz, Klassik, Blues, Rock, Pop, Funk, Latin, R\u00b4n\u00b4B, Reggae, Klezmer, Weltmusik oder Techno. Das Saxophon und die Klarinette sind vielf\u00e4ltig einsetzbar, als Solo- oder Ensembleinstrument und sie eignen sich hervorragend zum Improvisieren. Ab Anfang an k\u00f6nnen wir uns nach Wunsch gezielt in die ein oder andere Richtung bewegen.<\/p>\n<p>Dabei werden wichtige Grundfertigkeiten wie Tonbildung, Musikalischer Ausdruck, Haltung, Noten- und Theoriekenntnisse angenehm vermittelt.<\/p>\n","protected":false},"excerpt":{"rendered":"<p>Ich biete professionellen Instrumentalunterricht f\u00fcr alle Altersstufen an. Dabei stehen der Spa\u00df am Musizieren, eine Vermittlung von wichtigen Grundlagen und eine Ausrichtung nach individuellen Vorlieben im Mittelpunkt. Durch mein Saxophonstudium am ArtEZ-Konservartorium Enschede (Abschluss 2015) und langj\u00e4hrige Unterrichtserfahrung kann ich <a class=\"more-link\" href=\"http:\/\/friedemanndoehn.de\/index.php\/unterricht\/\">weiterlesen&#8230;<\/a><\/p>\n","protected":false},"author":1,"featured_media":0,"parent":0,"menu_order":0,"comment_status":"closed","ping_status":"closed","template":"","meta":[],"_links":{"self":[{"href":"http:\/\/friedemanndoehn.de\/index.php\/wp-json\/wp\/v2\/pages\/87"}],"collection":[{"href":"http:\/\/friedemanndoehn.de\/index.php\/wp-json\/wp\/v2\/pages"}],"about":[{"href":"http:\/\/friedemanndoehn.de\/index.php\/wp-json\/wp\/v2\/types\/page"}],"author":[{"embeddable":true,"href":"http:\/\/friedemanndoehn.de\/index.php\/wp-json\/wp\/v2\/users\/1"}],"replies":[{"embeddable":true,"href":"http:\/\/friedemanndoehn.de\/index.php\/wp-json\/wp\/v2\/comments?post=87"}],"version-history":[{"count":7,"href":"http:\/\/friedemanndoehn.de\/index.php\/wp-json\/wp\/v2\/pages\/87\/revisions"}],"predecessor-version":[{"id":170,"href":"http:\/\/friedemanndoehn.de\/index.php\/wp-json\/wp\/v2\/pages\/87\/revisions\/170"}],"wp:attachment":[{"href":"http:\/\/friedemanndoehn.de\/index.php\/wp-json\/wp\/v2\/media?parent=87"}],"curies":[{"name":"wp","href":"https:\/\/api.w.org\/{rel}","templated":true}]}}